{"id":21,"date":"2023-05-10T08:20:04","date_gmt":"2023-05-10T08:20:04","guid":{"rendered":"https:\/\/staging.4tec.com\/?page_id=21"},"modified":"2023-05-19T06:15:16","modified_gmt":"2023-05-19T06:15:16","slug":"ueber-uns","status":"publish","type":"page","link":"https:\/\/4tec.com\/en\/ueber-uns\/","title":{"rendered":"\u00dcber Uns"},"content":{"rendered":"<div data-elementor-type=\"wp-page\" data-elementor-id=\"21\" class=\"elementor elementor-21\" data-elementor-post-type=\"page\">\n\t\t\t\t\t\t\t<div class=\"elementor-element elementor-element-18a376d5 e-con-full e-flex elementor-invisible e-con e-parent\" data-id=\"18a376d5\" data-element_type=\"container\" data-settings=\"{&quot;content_width&quot;:&quot;full&quot;,&quot;background_background&quot;:&quot;gradient&quot;,&quot;animation&quot;:&quot;fadeIn&quot;,&quot;animation_delay&quot;:300,&quot;container_type&quot;:&quot;flex&quot;}\" data-core-v316-plus=\"true\">\n\t\t<div class=\"elementor-element elementor-element-7e398269 e-con-full e-flex e-con e-parent\" data-id=\"7e398269\" data-element_type=\"container\" data-settings=\"{&quot;content_width&quot;:&quot;full&quot;,&quot;animation&quot;:&quot;none&quot;,&quot;animation_delay&quot;:500,&quot;container_type&quot;:&quot;flex&quot;}\" data-core-v316-plus=\"true\">\n\t\t\t\t<div class=\"elementor-element elementor-element-4ab9636 elementor-widget elementor-widget-heading\" data-id=\"4ab9636\" data-element_type=\"widget\" data-widget_type=\"heading.default\">\n\t\t\t\t<div class=\"elementor-widget-container\">\n\t\t\t<style>\/*! elementor - v3.17.0 - 08-11-2023 *\/\n.elementor-heading-title{padding:0;margin:0;line-height:1}.elementor-widget-heading .elementor-heading-title[class*=elementor-size-]>a{color:inherit;font-size:inherit;line-height:inherit}.elementor-widget-heading .elementor-heading-title.elementor-size-small{font-size:15px}.elementor-widget-heading .elementor-heading-title.elementor-size-medium{font-size:19px}.elementor-widget-heading .elementor-heading-title.elementor-size-large{font-size:29px}.elementor-widget-heading .elementor-heading-title.elementor-size-xl{font-size:39px}.elementor-widget-heading .elementor-heading-title.elementor-size-xxl{font-size:59px}<\/style><h1 class=\"elementor-heading-title elementor-size-default translation-block\">We combine <span style=\"font-weight: 800\">Swiss precision<\/span> thinking<br> with the local advantages such as flexibility,<br> innovation and manufacturing speed.<\/h1>\t\t<\/div>\n\t\t\t\t<\/div>\n\t\t\t\t<\/div>\n\t\t\t\t<\/div>\n\t\t<div class=\"elementor-element elementor-element-b9c418e e-con-full e-flex e-con e-parent\" data-id=\"b9c418e\" data-element_type=\"container\" data-settings=\"{&quot;content_width&quot;:&quot;full&quot;,&quot;container_type&quot;:&quot;flex&quot;}\" data-core-v316-plus=\"true\">\n\t\t<div class=\"elementor-element elementor-element-a1db559 e-con-full e-flex e-con e-parent\" data-id=\"a1db559\" data-element_type=\"container\" data-settings=\"{&quot;content_width&quot;:&quot;full&quot;,&quot;container_type&quot;:&quot;flex&quot;}\" data-core-v316-plus=\"true\">\n\t\t<div class=\"elementor-element elementor-element-72db5d04 e-con-full e-flex e-con e-parent\" data-id=\"72db5d04\" data-element_type=\"container\" data-settings=\"{&quot;content_width&quot;:&quot;full&quot;,&quot;background_background&quot;:&quot;classic&quot;,&quot;container_type&quot;:&quot;flex&quot;}\" data-core-v316-plus=\"true\">\n\t\t\t\t<div class=\"elementor-element elementor-element-b03d682 animated-slow elementor-widget elementor-widget-heading\" data-id=\"b03d682\" data-element_type=\"widget\" data-settings=\"{&quot;_animation&quot;:&quot;none&quot;}\" data-widget_type=\"heading.default\">\n\t\t\t\t<div class=\"elementor-widget-container\">\n\t\t\t<h2 class=\"elementor-heading-title elementor-size-default\">About Us<\/h2>\t\t<\/div>\n\t\t\t\t<\/div>\n\t\t\t\t<div class=\"elementor-element elementor-element-5836a49b elementor-widget elementor-widget-text-editor\" data-id=\"5836a49b\" data-element_type=\"widget\" data-settings=\"{&quot;_animation&quot;:&quot;none&quot;}\" data-widget_type=\"text-editor.default\">\n\t\t\t\t<div class=\"elementor-widget-container\">\n\t\t\t<style>\/*! elementor - v3.17.0 - 08-11-2023 *\/\n.elementor-widget-text-editor.elementor-drop-cap-view-stacked .elementor-drop-cap{background-color:#69727d;color:#fff}.elementor-widget-text-editor.elementor-drop-cap-view-framed .elementor-drop-cap{color:#69727d;border:3px solid;background-color:transparent}.elementor-widget-text-editor:not(.elementor-drop-cap-view-default) .elementor-drop-cap{margin-top:8px}.elementor-widget-text-editor:not(.elementor-drop-cap-view-default) .elementor-drop-cap-letter{width:1em;height:1em}.elementor-widget-text-editor .elementor-drop-cap{float:left;text-align:center;line-height:1;font-size:50px}.elementor-widget-text-editor .elementor-drop-cap-letter{display:inline-block}<\/style>\t\t\t\t<p><span style=\"font-weight: 400;\">As production engineers with extensive experience in plastic and metal processing, we have established our own manufacturing facility in Shenzhen, China. <\/span><\/p><p><span style=\"font-weight: 400;\">We specialize in producing challenging components and sub-assemblies for the medical and industrial sectors, with a focus on small production volumes. We are able to contribute our expertise regarding feasibility starting at the development process (DFM). Our supply chain covers all common production methods and is constantly monitored by an experienced team.\u00a0<\/span><\/p><p><span style=\"font-weight: 400;\">We are certified according to ISO 9001:2005.<\/span><\/p>\t\t\t\t\t\t<\/div>\n\t\t\t\t<\/div>\n\t\t\t\t<\/div>\n\t\t\t\t<\/div>\n\t\t<div class=\"elementor-element elementor-element-3ed4ec4 e-con-full e-flex e-con e-parent\" data-id=\"3ed4ec4\" data-element_type=\"container\" data-settings=\"{&quot;content_width&quot;:&quot;full&quot;,&quot;container_type&quot;:&quot;flex&quot;}\" data-core-v316-plus=\"true\">\n\t\t\t\t<div class=\"elementor-element elementor-element-9b34623 animated-slow elementor-invisible elementor-widget elementor-widget-image\" data-id=\"9b34623\" data-element_type=\"widget\" data-settings=\"{&quot;_animation&quot;:&quot;fadeIn&quot;}\" data-widget_type=\"image.default\">\n\t\t\t\t<div class=\"elementor-widget-container\">\n\t\t\t<style>\/*! elementor - v3.17.0 - 08-11-2023 *\/\n.elementor-widget-image{text-align:center}.elementor-widget-image a{display:inline-block}.elementor-widget-image a img[src$=\".svg\"]{width:48px}.elementor-widget-image img{vertical-align:middle;display:inline-block}<\/style>\t\t\t\t\t\t\t\t\t\t\t\t<img loading=\"lazy\" decoding=\"async\" width=\"2560\" height=\"2029\" src=\"https:\/\/4tec.com\/wp-content\/uploads\/2023\/05\/Werkstatt-scaled-1.jpg\" class=\"attachment-full size-full wp-image-1855\" alt=\"\" srcset=\"https:\/\/4tec.com\/wp-content\/uploads\/2023\/05\/Werkstatt-scaled-1.jpg 2560w, https:\/\/4tec.com\/wp-content\/uploads\/2023\/05\/Werkstatt-scaled-1-300x238.jpg 300w, https:\/\/4tec.com\/wp-content\/uploads\/2023\/05\/Werkstatt-scaled-1-1024x812.jpg 1024w, https:\/\/4tec.com\/wp-content\/uploads\/2023\/05\/Werkstatt-scaled-1-768x609.jpg 768w, https:\/\/4tec.com\/wp-content\/uploads\/2023\/05\/Werkstatt-scaled-1-1536x1217.jpg 1536w, https:\/\/4tec.com\/wp-content\/uploads\/2023\/05\/Werkstatt-scaled-1-2048x1623.jpg 2048w, https:\/\/4tec.com\/wp-content\/uploads\/2023\/05\/Werkstatt-scaled-1-15x12.jpg 15w\" sizes=\"(max-width: 2560px) 100vw, 2560px\" \/>\t\t\t\t\t\t\t\t\t\t\t\t\t\t\t<\/div>\n\t\t\t\t<\/div>\n\t\t\t\t<\/div>\n\t\t\t\t<\/div>\n\t\t<div class=\"elementor-element elementor-element-29334cc e-con-full e-flex e-con e-parent\" data-id=\"29334cc\" data-element_type=\"container\" data-settings=\"{&quot;content_width&quot;:&quot;full&quot;,&quot;container_type&quot;:&quot;flex&quot;}\" data-core-v316-plus=\"true\">\n\t\t<div class=\"elementor-element elementor-element-bc70d7f e-con-full e-flex e-con e-parent\" data-id=\"bc70d7f\" data-element_type=\"container\" data-settings=\"{&quot;content_width&quot;:&quot;full&quot;,&quot;container_type&quot;:&quot;flex&quot;}\" data-core-v316-plus=\"true\">\n\t\t\t\t<div class=\"elementor-element elementor-element-9d5c8ac animated-slow elementor-invisible elementor-widget elementor-widget-image\" data-id=\"9d5c8ac\" data-element_type=\"widget\" data-settings=\"{&quot;_animation&quot;:&quot;fadeIn&quot;}\" data-widget_type=\"image.default\">\n\t\t\t\t<div class=\"elementor-widget-container\">\n\t\t\t\t\t\t\t\t\t\t\t\t\t\t\t<img loading=\"lazy\" decoding=\"async\" width=\"2522\" height=\"2138\" src=\"https:\/\/4tec.com\/wp-content\/uploads\/2023\/05\/Team.jpg\" class=\"attachment-full size-full wp-image-809\" alt=\"\" srcset=\"https:\/\/4tec.com\/wp-content\/uploads\/2023\/05\/Team.jpg 2522w, https:\/\/4tec.com\/wp-content\/uploads\/2023\/05\/Team-300x254.jpg 300w, https:\/\/4tec.com\/wp-content\/uploads\/2023\/05\/Team-1024x868.jpg 1024w, https:\/\/4tec.com\/wp-content\/uploads\/2023\/05\/Team-768x651.jpg 768w, https:\/\/4tec.com\/wp-content\/uploads\/2023\/05\/Team-1536x1302.jpg 1536w, https:\/\/4tec.com\/wp-content\/uploads\/2023\/05\/Team-2048x1736.jpg 2048w\" sizes=\"(max-width: 2522px) 100vw, 2522px\" \/>\t\t\t\t\t\t\t\t\t\t\t\t\t\t\t<\/div>\n\t\t\t\t<\/div>\n\t\t\t\t<\/div>\n\t\t<div class=\"elementor-element elementor-element-65ead1e e-con-full e-flex e-con e-parent\" data-id=\"65ead1e\" data-element_type=\"container\" data-settings=\"{&quot;content_width&quot;:&quot;full&quot;,&quot;container_type&quot;:&quot;flex&quot;}\" data-core-v316-plus=\"true\">\n\t\t<div class=\"elementor-element elementor-element-7f2bf97 e-con-full e-flex e-con e-parent\" data-id=\"7f2bf97\" data-element_type=\"container\" data-settings=\"{&quot;content_width&quot;:&quot;full&quot;,&quot;animation_delay&quot;:500,&quot;background_background&quot;:&quot;classic&quot;,&quot;animation&quot;:&quot;none&quot;,&quot;container_type&quot;:&quot;flex&quot;}\" data-core-v316-plus=\"true\">\n\t\t\t\t<div class=\"elementor-element elementor-element-f4d3ca9 animated-slow elementor-hidden-mobile elementor-widget elementor-widget-heading\" data-id=\"f4d3ca9\" data-element_type=\"widget\" data-settings=\"{&quot;_animation&quot;:&quot;none&quot;}\" data-widget_type=\"heading.default\">\n\t\t\t\t<div class=\"elementor-widget-container\">\n\t\t\t<h2 class=\"elementor-heading-title elementor-size-default\">Company History<\/h2>\t\t<\/div>\n\t\t\t\t<\/div>\n\t\t\t\t<div class=\"elementor-element elementor-element-48cd11a animated-slow elementor-hidden-desktop elementor-hidden-tablet elementor-widget elementor-widget-heading\" data-id=\"48cd11a\" data-element_type=\"widget\" data-settings=\"{&quot;_animation&quot;:&quot;none&quot;}\" data-widget_type=\"heading.default\">\n\t\t\t\t<div class=\"elementor-widget-container\">\n\t\t\t<h2 class=\"elementor-heading-title elementor-size-default\">Company History<\/h2>\t\t<\/div>\n\t\t\t\t<\/div>\n\t\t\t\t<div class=\"elementor-element elementor-element-f0dd8af elementor-widget elementor-widget-text-editor\" data-id=\"f0dd8af\" data-element_type=\"widget\" data-settings=\"{&quot;_animation&quot;:&quot;none&quot;}\" data-widget_type=\"text-editor.default\">\n\t\t\t\t<div class=\"elementor-widget-container\">\n\t\t\t\t\t\t\t<p><span style=\"font-weight: 400;\">After 1-2 years of working in Shenzhen, it was clear that such an opportunity does not come along every day. <\/span><\/p>\n<p><span style=\"font-weight: 400;\">With the idea of enabling customers in Europe to access a manufacturing site in China, we decided to combine our experience as development and production engineers and establish our own company. This led to the founding of 4TEC Solutions Ltd. in 2007.&nbsp;<\/span><\/p>\n<p><span style=\"font-weight: 400;\">In addition to our technical expertise and a precise working method, we also possess the necessary diplomatic understanding to navigate the very different cultural contexts.<\/span><\/p>\t\t\t\t\t\t<\/div>\n\t\t\t\t<\/div>\n\t\t\t\t<\/div>\n\t\t\t\t<\/div>\n\t\t\t\t<\/div>\n\t\t<div class=\"elementor-element elementor-element-5719104a e-con-full e-flex e-con e-parent\" data-id=\"5719104a\" data-element_type=\"container\" data-settings=\"{&quot;content_width&quot;:&quot;full&quot;,&quot;container_type&quot;:&quot;flex&quot;}\" data-core-v316-plus=\"true\">\n\t\t\t\t<div class=\"elementor-element elementor-element-2a753369 animated-slow elementor-invisible elementor-widget elementor-widget-image\" data-id=\"2a753369\" data-element_type=\"widget\" data-settings=\"{&quot;_animation&quot;:&quot;fadeIn&quot;}\" data-widget_type=\"image.default\">\n\t\t\t\t<div class=\"elementor-widget-container\">\n\t\t\t\t\t\t\t\t\t\t\t\t\t\t\t\t<a href=\"https:\/\/4tec.com\/en\/\">\n\t\t\t\t\t\t\t<img loading=\"lazy\" decoding=\"async\" width=\"112\" height=\"40\" src=\"https:\/\/4tec.com\/wp-content\/uploads\/2023\/05\/logo.svg\" class=\"attachment-full size-full wp-image-15\" alt=\"\" \/>\t\t\t\t\t\t\t\t<\/a>\n\t\t\t\t\t\t\t\t\t\t\t\t\t\t\t<\/div>\n\t\t\t\t<\/div>\n\t\t\t\t<\/div>\n\t\t\t\t\t\t\t<\/div>","protected":false},"excerpt":{"rendered":"<p>Wir kombinieren das schweizerische Pr\u00e4zisionsdenken mit den lokalen Vorteilen von Flexibilit\u00e4t, Innovation und Fertigungsgeschwindigkeit. \u00dcber uns Als Produktionsingenieure mit viel Erfahrung in der Kunststoff- und Metallverarbeitung haben wir in Shenzhen, China, unseren eigenen Fertigungsstandort aufgebaut. Ausgerichtet auf Kleinserien fertigen wir anspruchsvolle Einzelteile und montieren Unterbaugruppen im Medizin- und Industriebereich. Dabei bringen wir unser Know-how bez\u00fcglich [&hellip;]<\/p>","protected":false},"author":1,"featured_media":0,"parent":0,"menu_order":0,"comment_status":"closed","ping_status":"closed","template":"elementor_header_footer","meta":{"footnotes":""},"_links":{"self":[{"href":"https:\/\/4tec.com\/en\/wp-json\/wp\/v2\/pages\/21"}],"collection":[{"href":"https:\/\/4tec.com\/en\/wp-json\/wp\/v2\/pages"}],"about":[{"href":"https:\/\/4tec.com\/en\/wp-json\/wp\/v2\/types\/page"}],"author":[{"embeddable":true,"href":"https:\/\/4tec.com\/en\/wp-json\/wp\/v2\/users\/1"}],"replies":[{"embeddable":true,"href":"https:\/\/4tec.com\/en\/wp-json\/wp\/v2\/comments?post=21"}],"version-history":[{"count":266,"href":"https:\/\/4tec.com\/en\/wp-json\/wp\/v2\/pages\/21\/revisions"}],"predecessor-version":[{"id":2672,"href":"https:\/\/4tec.com\/en\/wp-json\/wp\/v2\/pages\/21\/revisions\/2672"}],"wp:attachment":[{"href":"https:\/\/4tec.com\/en\/wp-json\/wp\/v2\/media?parent=21"}],"curies":[{"name":"wp","href":"https:\/\/api.w.org\/{rel}","templated":true}]}}