{"id":617,"date":"2023-05-10T16:33:06","date_gmt":"2023-05-10T16:33:06","guid":{"rendered":"https:\/\/staging.4tec.com\/?page_id=617"},"modified":"2023-05-17T21:47:00","modified_gmt":"2023-05-17T21:47:00","slug":"impressum","status":"publish","type":"page","link":"https:\/\/4tec.com\/en\/impressum\/","title":{"rendered":"Imprint"},"content":{"rendered":"<div data-elementor-type=\"wp-page\" data-elementor-id=\"617\" class=\"elementor elementor-617\" data-elementor-post-type=\"page\">\n\t\t\t\t\t\t\t<div class=\"elementor-element elementor-element-1db35069 e-con-full contact-form e-flex e-con e-parent\" data-id=\"1db35069\" data-element_type=\"container\" data-settings=\"{&quot;content_width&quot;:&quot;full&quot;,&quot;container_type&quot;:&quot;flex&quot;}\" data-core-v316-plus=\"true\">\n\t\t\t\t<div class=\"elementor-element elementor-element-382a0f56 animated-slow elementor-invisible elementor-widget elementor-widget-heading\" data-id=\"382a0f56\" data-element_type=\"widget\" data-settings=\"{&quot;_animation&quot;:&quot;fadeIn&quot;}\" data-widget_type=\"heading.default\">\n\t\t\t\t<div class=\"elementor-widget-container\">\n\t\t\t<style>\/*! elementor - v3.17.0 - 08-11-2023 *\/\n.elementor-heading-title{padding:0;margin:0;line-height:1}.elementor-widget-heading .elementor-heading-title[class*=elementor-size-]>a{color:inherit;font-size:inherit;line-height:inherit}.elementor-widget-heading .elementor-heading-title.elementor-size-small{font-size:15px}.elementor-widget-heading .elementor-heading-title.elementor-size-medium{font-size:19px}.elementor-widget-heading .elementor-heading-title.elementor-size-large{font-size:29px}.elementor-widget-heading .elementor-heading-title.elementor-size-xl{font-size:39px}.elementor-widget-heading .elementor-heading-title.elementor-size-xxl{font-size:59px}<\/style><h1 class=\"elementor-heading-title elementor-size-default\">Imprint<\/h1>\t\t<\/div>\n\t\t\t\t<\/div>\n\t\t\t\t<div class=\"elementor-element elementor-element-5f67cc17 animated-slow elementor-invisible elementor-widget elementor-widget-text-editor\" data-id=\"5f67cc17\" data-element_type=\"widget\" data-settings=\"{&quot;_animation&quot;:&quot;fadeIn&quot;}\" data-widget_type=\"text-editor.default\">\n\t\t\t\t<div class=\"elementor-widget-container\">\n\t\t\t<style>\/*! elementor - v3.17.0 - 08-11-2023 *\/\n.elementor-widget-text-editor.elementor-drop-cap-view-stacked .elementor-drop-cap{background-color:#69727d;color:#fff}.elementor-widget-text-editor.elementor-drop-cap-view-framed .elementor-drop-cap{color:#69727d;border:3px solid;background-color:transparent}.elementor-widget-text-editor:not(.elementor-drop-cap-view-default) .elementor-drop-cap{margin-top:8px}.elementor-widget-text-editor:not(.elementor-drop-cap-view-default) .elementor-drop-cap-letter{width:1em;height:1em}.elementor-widget-text-editor .elementor-drop-cap{float:left;text-align:center;line-height:1;font-size:50px}.elementor-widget-text-editor .elementor-drop-cap-letter{display:inline-block}<\/style>\t\t\t\t<p><strong>4Tec Solutions Ltd.<\/strong><br \/>3F, Block A3,<br \/>Silicon Valley Power Digital Industrial Park, Guanlan,<br \/>Longhua District, Shenzhen China<\/p><p>+86 (0) 755 8633 1345<\/p><p><strong>Disclaimer<\/strong><\/p><p>The autor assumes no liability wharoever with regard to the correctness, accuracy, up-to-dateness, reliability and completeness of the information provided.<\/p><p>Liability claims regarding damage caused by the use of any information provided, including any kind of information which .<\/p><p>All offers are non-binding. The author expressly reserves the right to change, supplement or delete parts of the pages or the entire offer without special notice or to discontinue publication temporarily or permanently.<\/p><p><strong>Disclaimer for links<\/strong><\/p><p>References and links to third party websites are outside our area of responsibility. Any responsibility for such websites is declined. The access and use of such websites is at the own risk of the respective user.<\/p><p><strong>Copyright<\/strong><\/p><p class=\"translation-block\">The copyrights and all other rights to the content, image or other files on this website belong exclusively to 4TEC SOLUTIONS LTD or the specificaly named rights holders. The written consent of the copyright holder must obrained in advance for the reproduction of any elements.<\/p><p>Source:\u00a0<span style=\"color: #ff0000;\"><a style=\"background-color: #ffffff; color: #ff0000;\" href=\"https:\/\/www.swissanwalt.ch\/\" target=\"_blank\" rel=\"noreferrer noopener\">SwissAnwalt<\/a><\/span><\/p><p>Webdevelopment: Loxotipu ltd., Switzerland - <a href=\"https:\/\/www.loxotipu.com\" target=\"_blank\" rel=\"noopener\"><span style=\"color: #ff0000;\">www.loxotipu.com<\/span><\/a><\/p>\t\t\t\t\t\t<\/div>\n\t\t\t\t<\/div>\n\t\t\t\t<\/div>\n\t\t<div class=\"elementor-element elementor-element-51b5647b e-con-full e-flex e-con e-parent\" data-id=\"51b5647b\" data-element_type=\"container\" data-settings=\"{&quot;content_width&quot;:&quot;full&quot;,&quot;container_type&quot;:&quot;flex&quot;}\" data-core-v316-plus=\"true\">\n\t\t\t\t<div class=\"elementor-element elementor-element-46b91cfc animated-slow elementor-invisible elementor-widget elementor-widget-image\" data-id=\"46b91cfc\" data-element_type=\"widget\" data-settings=\"{&quot;_animation&quot;:&quot;fadeIn&quot;}\" data-widget_type=\"image.default\">\n\t\t\t\t<div class=\"elementor-widget-container\">\n\t\t\t<style>\/*! elementor - v3.17.0 - 08-11-2023 *\/\n.elementor-widget-image{text-align:center}.elementor-widget-image a{display:inline-block}.elementor-widget-image a img[src$=\".svg\"]{width:48px}.elementor-widget-image img{vertical-align:middle;display:inline-block}<\/style>\t\t\t\t\t\t\t\t\t\t\t\t\t<a href=\"https:\/\/4tec.com\/en\/\">\n\t\t\t\t\t\t\t<img loading=\"lazy\" decoding=\"async\" width=\"112\" height=\"40\" src=\"https:\/\/4tec.com\/wp-content\/uploads\/2023\/05\/logo.svg\" class=\"attachment-full size-full wp-image-15\" alt=\"\" \/>\t\t\t\t\t\t\t\t<\/a>\n\t\t\t\t\t\t\t\t\t\t\t\t\t\t\t<\/div>\n\t\t\t\t<\/div>\n\t\t\t\t<\/div>\n\t\t\t\t\t\t\t<\/div>","protected":false},"excerpt":{"rendered":"<p>Impressum 4Tec Solutions Ltd.3F, Block A3,Silicon Valley Power Digital Industrial Park, Guanlan,Longhua District, Shenzhen China +86 (0) 755 8633 1345 Haftungsausschluss Der Autor \u00fcbernimmt keinerlei Gew\u00e4hr hinsichtlich der inhaltlichen Richtigkeit, Genauigkeit, Aktualit\u00e4t, Zuverl\u00e4ssigkeit und Vollst\u00e4ndigkeit der Informationen. Haftungsanspr\u00fcche gegen den Autor wegen Sch\u00e4den materieller oder immaterieller Art, welche aus dem Zugriff oder der Nutzung bzw. [&hellip;]<\/p>","protected":false},"author":1,"featured_media":0,"parent":0,"menu_order":0,"comment_status":"closed","ping_status":"closed","template":"elementor_header_footer","meta":{"footnotes":""},"_links":{"self":[{"href":"https:\/\/4tec.com\/en\/wp-json\/wp\/v2\/pages\/617"}],"collection":[{"href":"https:\/\/4tec.com\/en\/wp-json\/wp\/v2\/pages"}],"about":[{"href":"https:\/\/4tec.com\/en\/wp-json\/wp\/v2\/types\/page"}],"author":[{"embeddable":true,"href":"https:\/\/4tec.com\/en\/wp-json\/wp\/v2\/users\/1"}],"replies":[{"embeddable":true,"href":"https:\/\/4tec.com\/en\/wp-json\/wp\/v2\/comments?post=617"}],"version-history":[{"count":32,"href":"https:\/\/4tec.com\/en\/wp-json\/wp\/v2\/pages\/617\/revisions"}],"predecessor-version":[{"id":2540,"href":"https:\/\/4tec.com\/en\/wp-json\/wp\/v2\/pages\/617\/revisions\/2540"}],"wp:attachment":[{"href":"https:\/\/4tec.com\/en\/wp-json\/wp\/v2\/media?parent=617"}],"curies":[{"name":"wp","href":"https:\/\/api.w.org\/{rel}","templated":true}]}}